{"id":8066,"date":"2024-01-19T13:46:17","date_gmt":"2024-01-19T13:46:17","guid":{"rendered":"https:\/\/sonusmag.nl\/?page_id=8066"},"modified":"2024-01-19T13:46:39","modified_gmt":"2024-01-19T13:46:39","slug":"declaration-de-confidentialite","status":"publish","type":"page","link":"https:\/\/sonusmag.nl\/fr\/declaration-de-confidentialite\/","title":{"rendered":"D\u00e9claration de confidentialit\u00e9"},"content":{"rendered":"<p>Bienvenue sur le site de Sonus Magazine (sonusmag.co.uk). Ta vie priv\u00e9e est importante pour nous et nous nous engageons \u00e0 prot\u00e9ger tes informations personnelles. Cette d\u00e9claration de confidentialit\u00e9 explique comment nous traitons tes informations personnelles.<\/p>\n<h3>1. Informations personnelles que nous recueillons<\/h3>\n<ul>\n<li><strong>Bulletin d'information<\/strong>Les renseignements personnels : La seule fois o\u00f9 nous recueillons des renseignements personnels, c'est lorsque tu t'abonnes \u00e0 notre bulletin d'information. Ces informations comprennent ton adresse \u00e9lectronique et \u00e9ventuellement ton nom, si tu choisis de le fournir.<\/li>\n<li><strong>Pas de cookies de suivi<\/strong>Les cookies de suivi : Nous n'utilisons pas de cookies de suivi pour suivre ton activit\u00e9 en ligne ou ton comportement de navigation.<\/li>\n<\/ul>\n<h3>2. Comment nous utilisons tes informations<\/h3>\n<ul>\n<li>Les informations recueillies sont uniquement utilis\u00e9es pour t'envoyer notre newsletter. Nous ne vendons pas, ne louons pas et ne partageons pas tes informations personnelles avec des tiers \u00e0 des fins de marketing.<\/li>\n<\/ul>\n<h3>3. S\u00e9curit\u00e9 des informations personnelles<\/h3>\n<ul>\n<li>Sonus Magazine prend au s\u00e9rieux la protection de tes informations personnelles et prend des mesures appropri\u00e9es pour prot\u00e9ger tes donn\u00e9es contre tout acc\u00e8s, modification, divulgation ou destruction non autoris\u00e9s.<\/li>\n<\/ul>\n<h4>4. Tes droits<\/h4>\n<ul>\n<li>Tu as le droit de te d\u00e9sabonner de notre newsletter \u00e0 tout moment. Tu peux le faire via le lien de d\u00e9sinscription dans la newsletter ou en nous contactant.<\/li>\n<\/ul>\n<h4>5. Modifications de la pr\u00e9sente d\u00e9claration de confidentialit\u00e9<\/h4>\n<ul>\n<li>Sonus Magazine se r\u00e9serve le droit de modifier cette d\u00e9claration de confidentialit\u00e9 \u00e0 tout moment. Nous publierons toute modification sur notre site Internet et, le cas \u00e9ch\u00e9ant, nous t'en informerons.<\/li>\n<\/ul>\n<h3>6. Contact<\/h3>\n<ul>\n<li>Si tu as des questions sur cette d\u00e9claration de confidentialit\u00e9 ou sur la fa\u00e7on dont Sonus Magazine traite tes donn\u00e9es personnelles, contacte-nous. <a title=\"Page de contact\" href=\"\/fr\/contact\/\">Formulaire de contact<\/a>.<\/li>\n<\/ul>\n<p>Date de la derni\u00e8re modification : 19 01 2024<\/p>","protected":false},"excerpt":{"rendered":"<p>Bienvenue sur le site de Sonus Magazine (sonusmag.co.uk). Ta vie priv\u00e9e est importante pour nous et nous nous engageons \u00e0 prot\u00e9ger tes...<\/p>","protected":false},"author":1,"featured_media":0,"parent":0,"menu_order":0,"comment_status":"closed","ping_status":"closed","template":"page-penci-full-width.php","meta":{"_lmt_disableupdate":"","_lmt_disable":"","footnotes":""},"class_list":["post-8066","page","type-page","status-publish","hentry"],"_links":{"self":[{"href":"https:\/\/sonusmag.nl\/fr\/wp-json\/wp\/v2\/pages\/8066","targetHints":{"allow":["GET"]}}],"collection":[{"href":"https:\/\/sonusmag.nl\/fr\/wp-json\/wp\/v2\/pages"}],"about":[{"href":"https:\/\/sonusmag.nl\/fr\/wp-json\/wp\/v2\/types\/page"}],"author":[{"embeddable":true,"href":"https:\/\/sonusmag.nl\/fr\/wp-json\/wp\/v2\/users\/1"}],"replies":[{"embeddable":true,"href":"https:\/\/sonusmag.nl\/fr\/wp-json\/wp\/v2\/comments?post=8066"}],"version-history":[{"count":2,"href":"https:\/\/sonusmag.nl\/fr\/wp-json\/wp\/v2\/pages\/8066\/revisions"}],"predecessor-version":[{"id":8068,"href":"https:\/\/sonusmag.nl\/fr\/wp-json\/wp\/v2\/pages\/8066\/revisions\/8068"}],"wp:attachment":[{"href":"https:\/\/sonusmag.nl\/fr\/wp-json\/wp\/v2\/media?parent=8066"}],"curies":[{"name":"wp","href":"https:\/\/api.w.org\/{rel}","templated":true}]}}