{"id":8062,"date":"2024-01-19T13:38:51","date_gmt":"2024-01-19T13:38:51","guid":{"rendered":"https:\/\/sonusmag.nl\/?page_id=8062"},"modified":"2024-01-19T13:38:51","modified_gmt":"2024-01-19T13:38:51","slug":"conditions-dutilisation","status":"publish","type":"page","link":"https:\/\/sonusmag.nl\/fr\/conditions-dutilisation\/","title":{"rendered":"Conditions d'utilisation"},"content":{"rendered":"<p>Bienvenue sur le site de Sonus Magazine. Les pr\u00e9sentes conditions d'utilisation (\"Conditions\") r\u00e9gissent ton acc\u00e8s et ton utilisation du site sonusmag.co.uk (\"le Site\"). En utilisant le site, tu acceptes ces conditions. Si tu n'acceptes pas les conditions, tu ne dois pas utiliser le site.<br \/>\n1. Contenu et droits d'auteur<\/p>\n<p>Le contenu du Site, y compris, mais sans s'y limiter, les textes, les images, le mat\u00e9riel audiovisuel et les logiciels, est d\u00e9tenu ou utilis\u00e9 avec l'autorisation de Sonus Magazine et est prot\u00e9g\u00e9 par des droits d'auteur et d'autres droits de propri\u00e9t\u00e9 intellectuelle.<br \/>\nLes utilisateurs peuvent t\u00e9l\u00e9charger, copier ou imprimer le contenu du site pour un usage personnel et non commercial uniquement. Toute autre utilisation, y compris la reproduction, la modification, la distribution, la transmission ou la diffusion de tout contenu de ce Site, est strictement interdite sans l'accord \u00e9crit pr\u00e9alable de Sonus Magazine.<\/p>\n<p>2. Liens d'affiliation<\/p>\n<p>Le site peut contenir des liens affili\u00e9s vers des produits et\/ou des services. Cela signifie que Sonus Magazine peut percevoir une commission si tu effectues un achat par le biais des liens affili\u00e9s, sans frais suppl\u00e9mentaires pour toi.<br \/>\nSonus Magazine n'est pas responsable de la qualit\u00e9, de l'exactitude, de l'opportunit\u00e9, de la fiabilit\u00e9 ou de tout autre aspect de ces produits et services.<br \/>\nTon achat par le biais de liens affili\u00e9s est soumis aux conditions et politiques du fournisseur tiers du produit ou du service.<\/p>\n<p>3. Limitation de la responsabilit\u00e9<\/p>\n<p>Sonus Magazine ne sera pas responsable des dommages directs, indirects, accessoires, sp\u00e9ciaux ou cons\u00e9cutifs r\u00e9sultant de l'utilisation ou de l'impossibilit\u00e9 d'utiliser le site ou son contenu.<\/p>\n<p>4. Modifications des conditions<\/p>\n<p>Sonus Magazine se r\u00e9serve le droit de modifier ces conditions \u00e0 tout moment. Ces modifications entreront en vigueur imm\u00e9diatement apr\u00e8s la publication des conditions modifi\u00e9es sur le site.<\/p>\n<p>5. Contact<\/p>\n<p>Si tu as des questions au sujet de ces conditions, contacte-nous. <a title=\"Page de contact\" href=\"\/fr\/contact\/\">Formulaire de contact<\/a>.<\/p>\n<p>Date de la derni\u00e8re modification : 19 01 2024<\/p>","protected":false},"excerpt":{"rendered":"<p>Bienvenue sur le site de Sonus Magazine. Les pr\u00e9sentes conditions d'utilisation (\"Conditions\") r\u00e9gissent ton acc\u00e8s et ton utilisation du site sonusmag.co.uk.....<\/p>","protected":false},"author":1,"featured_media":0,"parent":0,"menu_order":0,"comment_status":"closed","ping_status":"closed","template":"page-penci-full-width.php","meta":{"_lmt_disableupdate":"","_lmt_disable":"","footnotes":""},"class_list":["post-8062","page","type-page","status-publish","hentry"],"_links":{"self":[{"href":"https:\/\/sonusmag.nl\/fr\/wp-json\/wp\/v2\/pages\/8062","targetHints":{"allow":["GET"]}}],"collection":[{"href":"https:\/\/sonusmag.nl\/fr\/wp-json\/wp\/v2\/pages"}],"about":[{"href":"https:\/\/sonusmag.nl\/fr\/wp-json\/wp\/v2\/types\/page"}],"author":[{"embeddable":true,"href":"https:\/\/sonusmag.nl\/fr\/wp-json\/wp\/v2\/users\/1"}],"replies":[{"embeddable":true,"href":"https:\/\/sonusmag.nl\/fr\/wp-json\/wp\/v2\/comments?post=8062"}],"version-history":[{"count":0,"href":"https:\/\/sonusmag.nl\/fr\/wp-json\/wp\/v2\/pages\/8062\/revisions"}],"wp:attachment":[{"href":"https:\/\/sonusmag.nl\/fr\/wp-json\/wp\/v2\/media?parent=8062"}],"curies":[{"name":"wp","href":"https:\/\/api.w.org\/{rel}","templated":true}]}}