{"id":7540,"date":"2023-11-12T19:51:02","date_gmt":"2023-11-12T19:51:02","guid":{"rendered":"https:\/\/sonusmag.nl\/?page_id=7540"},"modified":"2023-12-08T12:24:57","modified_gmt":"2023-12-08T12:24:57","slug":"a-propos-de-nous","status":"publish","type":"page","link":"https:\/\/sonusmag.nl\/fr\/a-propos-de-nous\/","title":{"rendered":"A propos de nous"},"content":{"rendered":"<div class=\"tdm_block td_block_wrap tdm_block_column_title tdi_71 tdm-content-horiz-left td-pb-border-top td_block_template_1\" data-td-block-uid=\"tdi_71\">\n<div class=\"td-block-row\">\n<div class=\"td-block-span12 tdm-col\">\n<div class=\"tds-title tds-title3 tdm-subtitle-above td-fix-index tdi_72\">\n<div class=\"tdm-title-sub\">Bonjour !<\/div>\n<div><\/div>\n<\/div>\n<\/div>\n<\/div>\n<\/div>\n<div class=\"tdm_block td_block_wrap tdm_block_inline_text tdi_73 tdm-inline-block td-pb-border-top td_block_template_1\" data-td-block-uid=\"tdi_73\">\n<p class=\"tdm-descr\">C'est gentil \u00e0 toi de visiter notre site ! En tant que propri\u00e9taire, j'ai consacr\u00e9 pas mal de temps \u00e0 Sonus Magazine entre-temps, avec le soutien de ma copine ! Il y a quelque temps, j'ai cess\u00e9 d'avoir un beau studio de son. Il s'est av\u00e9r\u00e9 que Breda n'\u00e9tait finalement pas l'endroit id\u00e9al pour nous. De retour au c\u0153ur d'Amsterdam, j'ai r\u00e9duit le studio \u00e0 la taille d'une pi\u00e8ce et je travaille principalement en num\u00e9rique. \u00c0 cause de l'espace limit\u00e9 et des nombreux voisins ! Comme je m'occupe de musique et d'\u00e9quipement musical pratiquement 24 heures sur 24 et 7 jours sur 7, j'ai pens\u00e9 qu'il serait bien de traduire cela en un site Web ! Le r\u00e9sultat est SonusMag.co.uk. Un m\u00e9lange l\u00e9ger d'articles li\u00e9s \u00e0 la musique. Les derni\u00e8res nouvelles sur les guitares, des critiques de claviers, des manuels, un peu de tout ! Si tu as des questions ou des suggestions, envoie-moi un message. Et sinon, je te souhaite beaucoup de plaisir \u00e0 lire !<\/p>\n<\/div>\n<div class=\"tdm_block td_block_wrap tdm_block_inline_text tdi_74 td-pb-border-top td_block_template_1\" data-td-block-uid=\"tdi_74\">\n<p class=\"tdm-descr\">Franck<\/p>\n<\/div>","protected":false},"excerpt":{"rendered":"<p>Bonjour, c'est gentil \u00e0 vous de visiter notre site ! En tant que propri\u00e9taire, j'ai consacr\u00e9 pas mal de temps \u00e0 Sonus Magazine, en soutenant...<\/p>","protected":false},"author":1,"featured_media":0,"parent":0,"menu_order":0,"comment_status":"closed","ping_status":"closed","template":"","meta":{"_lmt_disableupdate":"","_lmt_disable":"","footnotes":""},"class_list":["post-7540","page","type-page","status-publish","hentry"],"_links":{"self":[{"href":"https:\/\/sonusmag.nl\/fr\/wp-json\/wp\/v2\/pages\/7540","targetHints":{"allow":["GET"]}}],"collection":[{"href":"https:\/\/sonusmag.nl\/fr\/wp-json\/wp\/v2\/pages"}],"about":[{"href":"https:\/\/sonusmag.nl\/fr\/wp-json\/wp\/v2\/types\/page"}],"author":[{"embeddable":true,"href":"https:\/\/sonusmag.nl\/fr\/wp-json\/wp\/v2\/users\/1"}],"replies":[{"embeddable":true,"href":"https:\/\/sonusmag.nl\/fr\/wp-json\/wp\/v2\/comments?post=7540"}],"version-history":[{"count":1,"href":"https:\/\/sonusmag.nl\/fr\/wp-json\/wp\/v2\/pages\/7540\/revisions"}],"predecessor-version":[{"id":7889,"href":"https:\/\/sonusmag.nl\/fr\/wp-json\/wp\/v2\/pages\/7540\/revisions\/7889"}],"wp:attachment":[{"href":"https:\/\/sonusmag.nl\/fr\/wp-json\/wp\/v2\/media?parent=7540"}],"curies":[{"name":"wp","href":"https:\/\/api.w.org\/{rel}","templated":true}]}}