{"id":2938,"date":"2021-09-17T14:51:55","date_gmt":"2021-09-17T14:51:55","guid":{"rendered":"https:\/\/sonusmagazine.nl\/?page_id=2938"},"modified":"2024-01-19T13:39:46","modified_gmt":"2024-01-19T13:39:46","slug":"affilie","status":"publish","type":"page","link":"https:\/\/sonusmag.nl\/fr\/affilie\/","title":{"rendered":"Affiliation"},"content":{"rendered":"<p>Lorsque tu visites ce site, sonusmagazine.co.uk, tu peux supposer ce qui suit \u00e0 propos des liens, des articles, des photos et autres documents que nous avons affich\u00e9s : De nombreux liens sur ce site sont des liens affili\u00e9s \u00e0 partir desquels Sonus Magazine re\u00e7oit une petite commission sur la vente de certains articles, mais le prix est le m\u00eame pour toi. Sonus Magazine participe \u00e0 plusieurs programmes d'affiliation mis en place pour permettre \u00e0 des sites de gagner de l'argent en faisant de la publicit\u00e9 pour eux. Les pages de ce site peuvent contenir des liens d'affiliation vers Thomann et Bax Shop, par exemple, et sont un moyen pour le propri\u00e9taire de ce site de gagner une commission de r\u00e9f\u00e9rence.<\/p>","protected":false},"excerpt":{"rendered":"<p>En visitant ce site, sonusmagazine.co.uk, tu peux supposer ce qui suit \u00e0 propos des liens, des posts, des photos et autres mat\u00e9riels....<\/p>","protected":false},"author":1,"featured_media":0,"parent":0,"menu_order":0,"comment_status":"closed","ping_status":"closed","template":"","meta":{"_lmt_disableupdate":"","_lmt_disable":"","footnotes":""},"class_list":["post-2938","page","type-page","status-publish","hentry"],"_links":{"self":[{"href":"https:\/\/sonusmag.nl\/fr\/wp-json\/wp\/v2\/pages\/2938","targetHints":{"allow":["GET"]}}],"collection":[{"href":"https:\/\/sonusmag.nl\/fr\/wp-json\/wp\/v2\/pages"}],"about":[{"href":"https:\/\/sonusmag.nl\/fr\/wp-json\/wp\/v2\/types\/page"}],"author":[{"embeddable":true,"href":"https:\/\/sonusmag.nl\/fr\/wp-json\/wp\/v2\/users\/1"}],"replies":[{"embeddable":true,"href":"https:\/\/sonusmag.nl\/fr\/wp-json\/wp\/v2\/comments?post=2938"}],"version-history":[{"count":1,"href":"https:\/\/sonusmag.nl\/fr\/wp-json\/wp\/v2\/pages\/2938\/revisions"}],"predecessor-version":[{"id":8065,"href":"https:\/\/sonusmag.nl\/fr\/wp-json\/wp\/v2\/pages\/2938\/revisions\/8065"}],"wp:attachment":[{"href":"https:\/\/sonusmag.nl\/fr\/wp-json\/wp\/v2\/media?parent=2938"}],"curies":[{"name":"wp","href":"https:\/\/api.w.org\/{rel}","templated":true}]}}