{"id":8066,"date":"2024-01-19T13:46:17","date_gmt":"2024-01-19T13:46:17","guid":{"rendered":"https:\/\/sonusmag.nl\/?page_id=8066"},"modified":"2024-01-19T13:46:39","modified_gmt":"2024-01-19T13:46:39","slug":"erklarung-zum-datenschutz","status":"publish","type":"page","link":"https:\/\/sonusmag.nl\/de\/erklarung-zum-datenschutz\/","title":{"rendered":"Erkl\u00e4rung zur Vorherrschaft"},"content":{"rendered":"<p>Willkommen bei Sonus Magazine (sonusmag.co.uk). Deine Privatsph\u00e4re ist uns wichtig und wir verpflichten uns, deine pers\u00f6nlichen Daten zu sch\u00fctzen. Diese Datenschutzerkl\u00e4rung erkl\u00e4rt, wie wir mit deinen pers\u00f6nlichen Daten umgehen.<\/p>\n<h3>1. Pers\u00f6nliche Informationen, die wir sammeln<\/h3>\n<ul>\n<li><strong>Newsletter<\/strong>Das einzige Mal, dass wir pers\u00f6nliche Daten sammeln, ist, wenn du unseren Newsletter abonnierst. Zu diesen Daten geh\u00f6ren deine E-Mail-Adresse und eventuell dein Name, wenn du ihn angibst.<\/li>\n<li><strong>Keine Tracking-Cookies<\/strong>Wir verwenden keine Tracking-Cookies, um deine Online-Aktivit\u00e4ten oder dein Surfverhalten zu verfolgen.<\/li>\n<\/ul>\n<h3>2. Wie wir deine Informationen verwenden<\/h3>\n<ul>\n<li>Die gesammelten Informationen werden nur verwendet, um dir unseren Newsletter zu schicken. Wir verkaufen, vermieten oder teilen deine pers\u00f6nlichen Daten nicht mit Dritten f\u00fcr deren Marketingzwecke.<\/li>\n<\/ul>\n<h3>3. Sicherheit deiner pers\u00f6nlichen Daten<\/h3>\n<ul>\n<li>Sonus Magazine nimmt den Schutz deiner pers\u00f6nlichen Daten ernst und ergreift geeignete Ma\u00dfnahmen, um deine Daten vor unbefugtem Zugriff, Ver\u00e4nderung, Weitergabe oder Zerst\u00f6rung zu sch\u00fctzen.<\/li>\n<\/ul>\n<h4>4. Deine Rechte<\/h4>\n<ul>\n<li>Du hast das Recht, unseren Newsletter jederzeit abzubestellen. Du kannst dies \u00fcber den Abmeldelink im Newsletter tun oder indem du uns kontaktierst.<\/li>\n<\/ul>\n<h4>5. \u00c4nderungen an dieser Datenschutzerkl\u00e4rung<\/h4>\n<ul>\n<li>Sonus Magazine beh\u00e4lt sich das Recht vor, diese Datenschutzerkl\u00e4rung jederzeit zu \u00e4ndern. Wir werden alle \u00c4nderungen auf unserer Website ver\u00f6ffentlichen und dich ggf. dar\u00fcber informieren.<\/li>\n<\/ul>\n<h3>6. Kontakt<\/h3>\n<ul>\n<li>Wenn du Fragen zu dieser Datenschutzerkl\u00e4rung oder zur Verarbeitung deiner pers\u00f6nlichen Daten durch das Sonus Magazine hast, kontaktiere uns bitte. <a title=\"Kontakt Seite\" href=\"\/de\/kontakt\/\">Kontakt-Formular<\/a>.<\/li>\n<\/ul>\n<p>Datum der letzten \u00c4nderung: 19 01 2024<\/p>","protected":false},"excerpt":{"rendered":"<p>Willkommen bei Sonus Magazine (sonusmag.co.uk). Deine Privatsph\u00e4re ist uns wichtig und wir verpflichten uns, deine...<\/p>","protected":false},"author":1,"featured_media":0,"parent":0,"menu_order":0,"comment_status":"closed","ping_status":"closed","template":"page-penci-full-width.php","meta":{"_lmt_disableupdate":"","_lmt_disable":"","footnotes":""},"class_list":["post-8066","page","type-page","status-publish","hentry"],"_links":{"self":[{"href":"https:\/\/sonusmag.nl\/de\/wp-json\/wp\/v2\/pages\/8066","targetHints":{"allow":["GET"]}}],"collection":[{"href":"https:\/\/sonusmag.nl\/de\/wp-json\/wp\/v2\/pages"}],"about":[{"href":"https:\/\/sonusmag.nl\/de\/wp-json\/wp\/v2\/types\/page"}],"author":[{"embeddable":true,"href":"https:\/\/sonusmag.nl\/de\/wp-json\/wp\/v2\/users\/1"}],"replies":[{"embeddable":true,"href":"https:\/\/sonusmag.nl\/de\/wp-json\/wp\/v2\/comments?post=8066"}],"version-history":[{"count":2,"href":"https:\/\/sonusmag.nl\/de\/wp-json\/wp\/v2\/pages\/8066\/revisions"}],"predecessor-version":[{"id":8068,"href":"https:\/\/sonusmag.nl\/de\/wp-json\/wp\/v2\/pages\/8066\/revisions\/8068"}],"wp:attachment":[{"href":"https:\/\/sonusmag.nl\/de\/wp-json\/wp\/v2\/media?parent=8066"}],"curies":[{"name":"wp","href":"https:\/\/api.w.org\/{rel}","templated":true}]}}