{"id":2938,"date":"2021-09-17T14:51:55","date_gmt":"2021-09-17T14:51:55","guid":{"rendered":"https:\/\/sonusmagazine.nl\/?page_id=2938"},"modified":"2024-01-19T13:39:46","modified_gmt":"2024-01-19T13:39:46","slug":"affiliate","status":"publish","type":"page","link":"https:\/\/sonusmag.nl\/de\/affiliate\/","title":{"rendered":"Affiliate"},"content":{"rendered":"<p>Wenn du diese Seite, sonusmagazine.de, besuchst, kannst du davon ausgehen, dass die Links, Beitr\u00e4ge, Fotos und anderen Materialien, die wir ver\u00f6ffentlichen, Folgendes beinhalten: Bei vielen Links auf dieser Website handelt es sich um Affiliate-Links, bei denen Sonus Magazine eine kleine Provision aus dem Verkauf bestimmter Artikel erh\u00e4lt, der Preis f\u00fcr dich aber gleich bleibt. Sonus Magazine nimmt an mehreren Partnerprogrammen teil, die eingerichtet wurden, um Websites die M\u00f6glichkeit zu geben, durch Werbung f\u00fcr sie Geld zu verdienen. Seiten auf dieser Website k\u00f6nnen zum Beispiel Affiliate-Links zu Thomann und Bax Shop enthalten und sind eine M\u00f6glichkeit f\u00fcr den Eigent\u00fcmer dieser Website, eine Vermittlungsprovision zu verdienen.<\/p>","protected":false},"excerpt":{"rendered":"<p>Wenn du diese Seite, sonusmagazine.de, besuchst, kannst du davon ausgehen, dass die Links, Beitr\u00e4ge, Fotos und anderes Material...<\/p>","protected":false},"author":1,"featured_media":0,"parent":0,"menu_order":0,"comment_status":"closed","ping_status":"closed","template":"","meta":{"_lmt_disableupdate":"","_lmt_disable":"","footnotes":""},"class_list":["post-2938","page","type-page","status-publish","hentry"],"_links":{"self":[{"href":"https:\/\/sonusmag.nl\/de\/wp-json\/wp\/v2\/pages\/2938","targetHints":{"allow":["GET"]}}],"collection":[{"href":"https:\/\/sonusmag.nl\/de\/wp-json\/wp\/v2\/pages"}],"about":[{"href":"https:\/\/sonusmag.nl\/de\/wp-json\/wp\/v2\/types\/page"}],"author":[{"embeddable":true,"href":"https:\/\/sonusmag.nl\/de\/wp-json\/wp\/v2\/users\/1"}],"replies":[{"embeddable":true,"href":"https:\/\/sonusmag.nl\/de\/wp-json\/wp\/v2\/comments?post=2938"}],"version-history":[{"count":1,"href":"https:\/\/sonusmag.nl\/de\/wp-json\/wp\/v2\/pages\/2938\/revisions"}],"predecessor-version":[{"id":8065,"href":"https:\/\/sonusmag.nl\/de\/wp-json\/wp\/v2\/pages\/2938\/revisions\/8065"}],"wp:attachment":[{"href":"https:\/\/sonusmag.nl\/de\/wp-json\/wp\/v2\/media?parent=2938"}],"curies":[{"name":"wp","href":"https:\/\/api.w.org\/{rel}","templated":true}]}}